{"id":75,"date":"2025-07-11T14:50:49","date_gmt":"2025-07-11T05:50:49","guid":{"rendered":"https:\/\/gjtea.org\/pt\/?page_id=75"},"modified":"2025-07-11T14:50:49","modified_gmt":"2025-07-11T05:50:49","slug":"sobre-nos","status":"publish","type":"page","link":"https:\/\/gjtea.org\/pt\/","title":{"rendered":"Sobre n\u00f3s"},"content":{"rendered":"<p>Em breve<\/p>\n<p>A produ\u00e7\u00e3o japonesa de ch\u00e1 est\u00e1 a diminuir de ano para ano. As gera\u00e7\u00f5es mais jovens no Jap\u00e3o tendem a considerar o ch\u00e1 como antiquado e, todos os anos, h\u00e1 cada vez menos pessoas dispostas a trabalhar na agricultura e nas zonas rurais.<\/p>\n<p>Por outro lado, o ch\u00e1 japon\u00eas est\u00e1 a tornar-se muito popular no estrangeiro, e outros pa\u00edses come\u00e7aram mesmo a produzir as suas pr\u00f3prias vers\u00f5es do ch\u00e1 japon\u00eas. Pensamos que isto \u00e9 a prova de que o ch\u00e1 japon\u00eas \u00e9 muito apreciado e amado.<\/p>\n<p>Com a miss\u00e3o de ligar todos os amantes do ch\u00e1 japon\u00eas em todo o mundo, a World Japanese Tea Association foi criada em janeiro de 2019.<\/p>\n<p>Acreditamos na manuten\u00e7\u00e3o das tradi\u00e7\u00f5es do ch\u00e1 japon\u00eas, incentivando simultaneamente a inova\u00e7\u00e3o e as novas ideias. Combinando o melhor do novo e do velho mundo.<\/p>\n<p>Esperamos reunir todo o entusiasmo e amor pelo ch\u00e1 japon\u00eas de todo o mundo!<\/p>\n<p>Vamos partilhar e apreciar juntos o amor pelo ch\u00e1 japon\u00eas!<\/p>\n","protected":false},"excerpt":{"rendered":"<p>Em breve A produ\u00e7\u00e3o japonesa de ch\u00e1 est\u00e1 a diminuir de ano para ano. As gera\u00e7\u00f5es mais jovens no Jap\u00e3o tendem a [&hellip;]<\/p>\n","protected":false},"author":4,"featured_media":0,"parent":0,"menu_order":0,"comment_status":"closed","ping_status":"closed","template":"","meta":{"footnotes":""},"class_list":["post-75","page","type-page","status-publish","hentry"],"yoast_head":"<!-- This site is optimized with the Yoast SEO plugin v27.4 - https:\/\/yoast.com\/product\/yoast-seo-wordpress\/ -->\n<title>Sobre n\u00f3s - Global Japanese Tea Association<\/title>\n<meta name=\"robots\" content=\"index, follow, max-snippet:-1, max-image-preview:large, max-video-preview:-1\" \/>\n<link rel=\"canonical\" href=\"https:\/\/gjtea.org\/pt\/\" \/>\n<meta property=\"og:locale\" content=\"en_US\" \/>\n<meta property=\"og:type\" content=\"article\" \/>\n<meta property=\"og:title\" content=\"Sobre n\u00f3s - Global Japanese Tea Association\" \/>\n<meta property=\"og:description\" content=\"Em breve A produ\u00e7\u00e3o japonesa de ch\u00e1 est\u00e1 a diminuir de ano para ano. As gera\u00e7\u00f5es mais jovens no Jap\u00e3o tendem a [&hellip;]\" \/>\n<meta property=\"og:url\" content=\"https:\/\/gjtea.org\/pt\/\" \/>\n<meta property=\"og:site_name\" content=\"Global Japanese Tea Association\" \/>\n<meta name=\"twitter:card\" content=\"summary_large_image\" \/>\n<meta name=\"twitter:label1\" content=\"Est. reading time\" \/>\n\t<meta name=\"twitter:data1\" content=\"1 minute\" \/>\n<script type=\"application\/ld+json\" class=\"yoast-schema-graph\">{\"@context\":\"https:\\\/\\\/schema.org\",\"@graph\":[{\"@type\":\"WebPage\",\"@id\":\"https:\\\/\\\/gjtea.org\\\/pt\\\/\",\"url\":\"https:\\\/\\\/gjtea.org\\\/pt\\\/\",\"name\":\"Sobre n\u00f3s - Global Japanese Tea Association\",\"isPartOf\":{\"@id\":\"https:\\\/\\\/gjtea.org\\\/pt\\\/#website\"},\"datePublished\":\"2025-07-11T05:50:49+00:00\",\"breadcrumb\":{\"@id\":\"https:\\\/\\\/gjtea.org\\\/pt\\\/#breadcrumb\"},\"inLanguage\":\"en-US\",\"potentialAction\":[{\"@type\":\"ReadAction\",\"target\":[\"https:\\\/\\\/gjtea.org\\\/pt\\\/\"]}]},{\"@type\":\"BreadcrumbList\",\"@id\":\"https:\\\/\\\/gjtea.org\\\/pt\\\/#breadcrumb\",\"itemListElement\":[{\"@type\":\"ListItem\",\"position\":1,\"name\":\"Home\",\"item\":\"https:\\\/\\\/gjtea.org\\\/pt\\\/\"},{\"@type\":\"ListItem\",\"position\":2,\"name\":\"Sobre n\u00f3s\"}]},{\"@type\":\"WebSite\",\"@id\":\"https:\\\/\\\/gjtea.org\\\/pt\\\/#website\",\"url\":\"https:\\\/\\\/gjtea.org\\\/pt\\\/\",\"name\":\"Global Japanese Tea Association\",\"description\":\"\",\"potentialAction\":[{\"@type\":\"SearchAction\",\"target\":{\"@type\":\"EntryPoint\",\"urlTemplate\":\"https:\\\/\\\/gjtea.org\\\/pt\\\/?s={search_term_string}\"},\"query-input\":{\"@type\":\"PropertyValueSpecification\",\"valueRequired\":true,\"valueName\":\"search_term_string\"}}],\"inLanguage\":\"en-US\"}]}<\/script>\n<!-- \/ Yoast SEO plugin. -->","yoast_head_json":{"title":"Sobre n\u00f3s - Global Japanese Tea Association","robots":{"index":"index","follow":"follow","max-snippet":"max-snippet:-1","max-image-preview":"max-image-preview:large","max-video-preview":"max-video-preview:-1"},"canonical":"https:\/\/gjtea.org\/pt\/","og_locale":"en_US","og_type":"article","og_title":"Sobre n\u00f3s - Global Japanese Tea Association","og_description":"Em breve A produ\u00e7\u00e3o japonesa de ch\u00e1 est\u00e1 a diminuir de ano para ano. As gera\u00e7\u00f5es mais jovens no Jap\u00e3o tendem a [&hellip;]","og_url":"https:\/\/gjtea.org\/pt\/","og_site_name":"Global Japanese Tea Association","twitter_card":"summary_large_image","twitter_misc":{"Est. reading time":"1 minute"},"schema":{"@context":"https:\/\/schema.org","@graph":[{"@type":"WebPage","@id":"https:\/\/gjtea.org\/pt\/","url":"https:\/\/gjtea.org\/pt\/","name":"Sobre n\u00f3s - Global Japanese Tea Association","isPartOf":{"@id":"https:\/\/gjtea.org\/pt\/#website"},"datePublished":"2025-07-11T05:50:49+00:00","breadcrumb":{"@id":"https:\/\/gjtea.org\/pt\/#breadcrumb"},"inLanguage":"en-US","potentialAction":[{"@type":"ReadAction","target":["https:\/\/gjtea.org\/pt\/"]}]},{"@type":"BreadcrumbList","@id":"https:\/\/gjtea.org\/pt\/#breadcrumb","itemListElement":[{"@type":"ListItem","position":1,"name":"Home","item":"https:\/\/gjtea.org\/pt\/"},{"@type":"ListItem","position":2,"name":"Sobre n\u00f3s"}]},{"@type":"WebSite","@id":"https:\/\/gjtea.org\/pt\/#website","url":"https:\/\/gjtea.org\/pt\/","name":"Global Japanese Tea Association","description":"","potentialAction":[{"@type":"SearchAction","target":{"@type":"EntryPoint","urlTemplate":"https:\/\/gjtea.org\/pt\/?s={search_term_string}"},"query-input":{"@type":"PropertyValueSpecification","valueRequired":true,"valueName":"search_term_string"}}],"inLanguage":"en-US"}]}},"_links":{"self":[{"href":"https:\/\/gjtea.org\/pt\/wp-json\/wp\/v2\/pages\/75","targetHints":{"allow":["GET"]}}],"collection":[{"href":"https:\/\/gjtea.org\/pt\/wp-json\/wp\/v2\/pages"}],"about":[{"href":"https:\/\/gjtea.org\/pt\/wp-json\/wp\/v2\/types\/page"}],"author":[{"embeddable":true,"href":"https:\/\/gjtea.org\/pt\/wp-json\/wp\/v2\/users\/4"}],"replies":[{"embeddable":true,"href":"https:\/\/gjtea.org\/pt\/wp-json\/wp\/v2\/comments?post=75"}],"version-history":[{"count":1,"href":"https:\/\/gjtea.org\/pt\/wp-json\/wp\/v2\/pages\/75\/revisions"}],"predecessor-version":[{"id":76,"href":"https:\/\/gjtea.org\/pt\/wp-json\/wp\/v2\/pages\/75\/revisions\/76"}],"wp:attachment":[{"href":"https:\/\/gjtea.org\/pt\/wp-json\/wp\/v2\/media?parent=75"}],"curies":[{"name":"wp","href":"https:\/\/api.w.org\/{rel}","templated":true}]}}