{"id":21,"date":"2019-05-23T12:08:37","date_gmt":"2019-05-23T03:08:37","guid":{"rendered":"https:\/\/gjtea.org\/it\/?page_id=21"},"modified":"2022-03-10T08:04:14","modified_gmt":"2022-03-09T23:04:14","slug":"chi-siamo","status":"publish","type":"page","link":"https:\/\/gjtea.org\/it\/","title":{"rendered":"Chi siamo"},"content":{"rendered":"<p><span style=\"color: #333333;\">La Global Japanese Tea Association \u00e8 un&#8217;organizzazione non governativa senza scopo di lucro il cui obiettivo \u00e8 quello di stimolare la crescita nel mondo del t\u00e8 giapponese attraverso la collaborazione globale.<\/span><\/p>\n<p><span style=\"color: #000000;\"><strong>L&#8217;idea e gli inizi<\/strong><\/span><br \/><span style=\"color: #333333;\">L&#8217;idea dell&#8217;associazione \u00e8 nata fuori dal Giappone, quando, nel novembre 2017, i nostri tre <span style=\"color: #a5c483;\"><a style=\"color: #a5c483;\" href=\"https:\/\/gjtea.org\/about-us\/our-team\/\">fondatori<\/a><\/span> Simona, Matsu e Anna, stavano viaggiando per l&#8217;Europa per promuovere il t\u00e8 giapponese.<\/span><\/p>\n<p><span style=\"color: #333333;\">Dopo anni di lavoro con il t\u00e8 giapponese, erano ben consapevoli delle sfide che l&#8217;industria del t\u00e8 stava affrontando in Giappone. La produzione di t\u00e8 giapponese stava diminuendo di anno in anno. Sapevano che le generazioni pi\u00f9 giovani in Giappone percepivano il t\u00e8 come antiquato e ogni anno sempre meno persone erano disposte a lavorare nel settore dell&#8217;agricoltura e in zone rurali.<\/span><\/p>\n<p><span style=\"color: #333333;\">Il viaggio in Europa, invece, ha rivelato quanto il t\u00e8 giapponese stesse diventando popolare a livello internazionale. I loro seminari e workshop sul t\u00e8 erano sempre pieni e tra i partecipanti sempre ce n&#8217;erano parecchi con grande interesse al sencha o al matcha. Tuttavia, nonostante la crescente popolarit\u00e0, per molte persone al di fuori del Giappone era ancora difficile trovare t\u00e9 giapponesi autentici o informazioni accurate su di esso.<\/span><\/p>\n<p><span style=\"color: #333333;\">Fu allora che Simona, Matsu ed Anna si resero conto della necessit\u00e0 di un miglioramento sia dentro che fuori il Giappone, rompendo le barriere e collegando diverse culture. \u00c8 cos\u00ec che inizia la loro missione: stimolare l&#8217;innovazione e la crescita nel mondo del t\u00e8 giapponese attraverso la collaborazione globale.<\/span><\/p>\n<p><span style=\"color: #000000;\"><strong>Attivit\u00e0<\/strong>\u00a0<\/span><br \/><span style=\"color: #333333;\">Dopo un anno di lavoro di sviluppo, la Global Japanese Tea Association \u00e8 stata ufficialmente fondata in Giappone nel gennaio 2019. Da allora le nostre attivit\u00e0 si sono concentrate sulla costruzione di una comunit\u00e0 di appassionati, sulla condivisione dell&#8217;informazione e sull&#8217;educazione in tema di t\u00e9 giapponese.<\/span><\/p>\n<p><span style=\"color: #333333;\">Attraverso il nostro <span style=\"color: #a5c483;\"><a style=\"color: #a5c483;\" href=\"https:\/\/gjtea.org\/membership\/\">programma di soci<\/a><\/span>, diamo la possibilit\u00e0 e lo spazio a venditori di t\u00e8, produttori di t\u00e8, educatori del t\u00e8 e appassionati di conoscersi tra loro, imparare gli uni dagli altri e lavorare insieme.<\/span><\/p>\n<p><span style=\"color: #333333;\">Condividiamo regolarmente informazioni attuali e rilevanti sul t\u00e8 giapponese attraverso il nostro <span style=\"color: #a5c483;\"><a style=\"color: #a5c483;\" href=\"https:\/\/gjtea.org\/blog\/\">sito web<\/a><\/span> e le nostre <span style=\"color: #a5c483;\"><a style=\"color: #a5c483;\" href=\"https:\/\/gjtea.org\/newsletter\/\">newsletter<\/a><\/span>. Lavorando e collaborando con diverse organizzazioni ed esperti del settore del t\u00e8, siamo in grado di fornire prospettive uniche e rare sul t\u00e8 giapponese.<\/span><\/p>\n<p><span style=\"color: #333333;\">L&#8217;educazione al t\u00e8 \u00e8 la chiave per comprendere il t\u00e8 giapponese e impegnarsi con esso in modo produttivo. Offriamo diversi <span style=\"color: #a5c483;\"><a style=\"color: #a5c483;\" href=\"https:\/\/gjtea.org\/tea-courses\/\">corsi sul t\u00e8<\/a><\/span>, tenuti in Giappone, in tutto il mondo e online, che forniscono un apprendimento pratico e approfondito sul t\u00e8 giapponese &#8211; non disponibile altrove.<\/span><\/p>\n<p><span style=\"color: #333333;\"><span style=\"color: #a5c483;\"><a style=\"color: #a5c483;\" href=\"https:\/\/gjtea.org\/membership\/\">Unisciti a noi<\/a><\/span> e insieme potremo portare il t\u00e8 giapponese verso un domani pi\u00f9 luminoso!<\/span><\/p>\n<p><img loading=\"lazy\" decoding=\"async\" class=\"alignnone wp-image-50 size-full\" src=\"https:\/\/gjtea.org\/it\/wp-content\/uploads\/2022\/03\/Top-page-2-1024x683-1.jpeg\" alt=\"\" width=\"1024\" height=\"683\" srcset=\"https:\/\/gjtea.org\/it\/wp-content\/uploads\/2022\/03\/Top-page-2-1024x683-1.jpeg 1024w, https:\/\/gjtea.org\/it\/wp-content\/uploads\/2022\/03\/Top-page-2-1024x683-1-300x200.jpeg 300w, https:\/\/gjtea.org\/it\/wp-content\/uploads\/2022\/03\/Top-page-2-1024x683-1-768x512.jpeg 768w, https:\/\/gjtea.org\/it\/wp-content\/uploads\/2022\/03\/Top-page-2-1024x683-1-920x614.jpeg 920w, https:\/\/gjtea.org\/it\/wp-content\/uploads\/2022\/03\/Top-page-2-1024x683-1-230x153.jpeg 230w, https:\/\/gjtea.org\/it\/wp-content\/uploads\/2022\/03\/Top-page-2-1024x683-1-350x233.jpeg 350w, https:\/\/gjtea.org\/it\/wp-content\/uploads\/2022\/03\/Top-page-2-1024x683-1-480x320.jpeg 480w\" sizes=\"auto, (max-width: 1024px) 100vw, 1024px\" \/><\/p>\n<p><span style=\"color: #333333;\">Global Japanese Tea Association<\/span><br \/><span style=\"color: #333333;\">Fondata il 31 Gennaio 2019<\/span><br \/><span style=\"color: #333333;\">Sede: Kyoto, Giappone<\/span><\/p>\n\n\n<p><\/p>\n","protected":false},"excerpt":{"rendered":"<p>La Global Japanese Tea Association \u00e8 un&#8217;organizzazione non governativa senza scopo di lucro il cui obiettivo \u00e8 quello di stimolare la crescita [&hellip;]<\/p>\n","protected":false},"author":1,"featured_media":0,"parent":0,"menu_order":0,"comment_status":"closed","ping_status":"closed","template":"","meta":{"footnotes":""},"class_list":["post-21","page","type-page","status-publish","hentry"],"yoast_head":"<!-- This site is optimized with the Yoast SEO plugin v27.3 - https:\/\/yoast.com\/product\/yoast-seo-wordpress\/ -->\n<title>Chi siamo - Global Japanese Tea Association<\/title>\n<meta name=\"robots\" content=\"index, follow, max-snippet:-1, max-image-preview:large, max-video-preview:-1\" \/>\n<link rel=\"canonical\" href=\"https:\/\/gjtea.org\/it\/\" \/>\n<meta property=\"og:locale\" content=\"en_US\" \/>\n<meta property=\"og:type\" content=\"article\" \/>\n<meta property=\"og:title\" content=\"Chi siamo - Global Japanese Tea Association\" \/>\n<meta property=\"og:description\" content=\"La Global Japanese Tea Association \u00e8 un&#8217;organizzazione non governativa senza scopo di lucro il cui obiettivo \u00e8 quello di stimolare la crescita [&hellip;]\" \/>\n<meta property=\"og:url\" content=\"https:\/\/gjtea.org\/it\/\" \/>\n<meta property=\"og:site_name\" content=\"Global Japanese Tea Association\" \/>\n<meta property=\"article:modified_time\" content=\"2022-03-09T23:04:14+00:00\" \/>\n<meta property=\"og:image\" content=\"https:\/\/gjtea.org\/it\/wp-content\/uploads\/2022\/03\/Top-page-2-1024x683-1.jpeg\" \/>\n<meta name=\"twitter:card\" content=\"summary_large_image\" \/>\n<meta name=\"twitter:label1\" content=\"Est. reading time\" \/>\n\t<meta name=\"twitter:data1\" content=\"3 minutes\" \/>\n<script type=\"application\/ld+json\" class=\"yoast-schema-graph\">{\"@context\":\"https:\\\/\\\/schema.org\",\"@graph\":[{\"@type\":\"WebPage\",\"@id\":\"https:\\\/\\\/gjtea.org\\\/it\\\/\",\"url\":\"https:\\\/\\\/gjtea.org\\\/it\\\/\",\"name\":\"Chi siamo - Global Japanese Tea Association\",\"isPartOf\":{\"@id\":\"https:\\\/\\\/gjtea.org\\\/it\\\/#website\"},\"primaryImageOfPage\":{\"@id\":\"https:\\\/\\\/gjtea.org\\\/it\\\/#primaryimage\"},\"image\":{\"@id\":\"https:\\\/\\\/gjtea.org\\\/it\\\/#primaryimage\"},\"thumbnailUrl\":\"https:\\\/\\\/gjtea.org\\\/it\\\/wp-content\\\/uploads\\\/2022\\\/03\\\/Top-page-2-1024x683-1.jpeg\",\"datePublished\":\"2019-05-23T03:08:37+00:00\",\"dateModified\":\"2022-03-09T23:04:14+00:00\",\"breadcrumb\":{\"@id\":\"https:\\\/\\\/gjtea.org\\\/it\\\/#breadcrumb\"},\"inLanguage\":\"en-US\",\"potentialAction\":[{\"@type\":\"ReadAction\",\"target\":[\"https:\\\/\\\/gjtea.org\\\/it\\\/\"]}]},{\"@type\":\"ImageObject\",\"inLanguage\":\"en-US\",\"@id\":\"https:\\\/\\\/gjtea.org\\\/it\\\/#primaryimage\",\"url\":\"https:\\\/\\\/gjtea.org\\\/it\\\/wp-content\\\/uploads\\\/2022\\\/03\\\/Top-page-2-1024x683-1.jpeg\",\"contentUrl\":\"https:\\\/\\\/gjtea.org\\\/it\\\/wp-content\\\/uploads\\\/2022\\\/03\\\/Top-page-2-1024x683-1.jpeg\",\"width\":1024,\"height\":683},{\"@type\":\"BreadcrumbList\",\"@id\":\"https:\\\/\\\/gjtea.org\\\/it\\\/#breadcrumb\",\"itemListElement\":[{\"@type\":\"ListItem\",\"position\":1,\"name\":\"Home\",\"item\":\"https:\\\/\\\/gjtea.org\\\/it\\\/\"},{\"@type\":\"ListItem\",\"position\":2,\"name\":\"Chi siamo\"}]},{\"@type\":\"WebSite\",\"@id\":\"https:\\\/\\\/gjtea.org\\\/it\\\/#website\",\"url\":\"https:\\\/\\\/gjtea.org\\\/it\\\/\",\"name\":\"Global Japanese Tea Association\",\"description\":\"Let&#039;s enjoy Japanese tea together!\",\"potentialAction\":[{\"@type\":\"SearchAction\",\"target\":{\"@type\":\"EntryPoint\",\"urlTemplate\":\"https:\\\/\\\/gjtea.org\\\/it\\\/?s={search_term_string}\"},\"query-input\":{\"@type\":\"PropertyValueSpecification\",\"valueRequired\":true,\"valueName\":\"search_term_string\"}}],\"inLanguage\":\"en-US\"}]}<\/script>\n<!-- \/ Yoast SEO plugin. -->","yoast_head_json":{"title":"Chi siamo - Global Japanese Tea Association","robots":{"index":"index","follow":"follow","max-snippet":"max-snippet:-1","max-image-preview":"max-image-preview:large","max-video-preview":"max-video-preview:-1"},"canonical":"https:\/\/gjtea.org\/it\/","og_locale":"en_US","og_type":"article","og_title":"Chi siamo - Global Japanese Tea Association","og_description":"La Global Japanese Tea Association \u00e8 un&#8217;organizzazione non governativa senza scopo di lucro il cui obiettivo \u00e8 quello di stimolare la crescita [&hellip;]","og_url":"https:\/\/gjtea.org\/it\/","og_site_name":"Global Japanese Tea Association","article_modified_time":"2022-03-09T23:04:14+00:00","og_image":[{"url":"https:\/\/gjtea.org\/it\/wp-content\/uploads\/2022\/03\/Top-page-2-1024x683-1.jpeg","type":"","width":"","height":""}],"twitter_card":"summary_large_image","twitter_misc":{"Est. reading time":"3 minutes"},"schema":{"@context":"https:\/\/schema.org","@graph":[{"@type":"WebPage","@id":"https:\/\/gjtea.org\/it\/","url":"https:\/\/gjtea.org\/it\/","name":"Chi siamo - Global Japanese Tea Association","isPartOf":{"@id":"https:\/\/gjtea.org\/it\/#website"},"primaryImageOfPage":{"@id":"https:\/\/gjtea.org\/it\/#primaryimage"},"image":{"@id":"https:\/\/gjtea.org\/it\/#primaryimage"},"thumbnailUrl":"https:\/\/gjtea.org\/it\/wp-content\/uploads\/2022\/03\/Top-page-2-1024x683-1.jpeg","datePublished":"2019-05-23T03:08:37+00:00","dateModified":"2022-03-09T23:04:14+00:00","breadcrumb":{"@id":"https:\/\/gjtea.org\/it\/#breadcrumb"},"inLanguage":"en-US","potentialAction":[{"@type":"ReadAction","target":["https:\/\/gjtea.org\/it\/"]}]},{"@type":"ImageObject","inLanguage":"en-US","@id":"https:\/\/gjtea.org\/it\/#primaryimage","url":"https:\/\/gjtea.org\/it\/wp-content\/uploads\/2022\/03\/Top-page-2-1024x683-1.jpeg","contentUrl":"https:\/\/gjtea.org\/it\/wp-content\/uploads\/2022\/03\/Top-page-2-1024x683-1.jpeg","width":1024,"height":683},{"@type":"BreadcrumbList","@id":"https:\/\/gjtea.org\/it\/#breadcrumb","itemListElement":[{"@type":"ListItem","position":1,"name":"Home","item":"https:\/\/gjtea.org\/it\/"},{"@type":"ListItem","position":2,"name":"Chi siamo"}]},{"@type":"WebSite","@id":"https:\/\/gjtea.org\/it\/#website","url":"https:\/\/gjtea.org\/it\/","name":"Global Japanese Tea Association","description":"Let&#039;s enjoy Japanese tea together!","potentialAction":[{"@type":"SearchAction","target":{"@type":"EntryPoint","urlTemplate":"https:\/\/gjtea.org\/it\/?s={search_term_string}"},"query-input":{"@type":"PropertyValueSpecification","valueRequired":true,"valueName":"search_term_string"}}],"inLanguage":"en-US"}]}},"_links":{"self":[{"href":"https:\/\/gjtea.org\/it\/wp-json\/wp\/v2\/pages\/21","targetHints":{"allow":["GET"]}}],"collection":[{"href":"https:\/\/gjtea.org\/it\/wp-json\/wp\/v2\/pages"}],"about":[{"href":"https:\/\/gjtea.org\/it\/wp-json\/wp\/v2\/types\/page"}],"author":[{"embeddable":true,"href":"https:\/\/gjtea.org\/it\/wp-json\/wp\/v2\/users\/1"}],"replies":[{"embeddable":true,"href":"https:\/\/gjtea.org\/it\/wp-json\/wp\/v2\/comments?post=21"}],"version-history":[{"count":4,"href":"https:\/\/gjtea.org\/it\/wp-json\/wp\/v2\/pages\/21\/revisions"}],"predecessor-version":[{"id":106,"href":"https:\/\/gjtea.org\/it\/wp-json\/wp\/v2\/pages\/21\/revisions\/106"}],"wp:attachment":[{"href":"https:\/\/gjtea.org\/it\/wp-json\/wp\/v2\/media?parent=21"}],"curies":[{"name":"wp","href":"https:\/\/api.w.org\/{rel}","templated":true}]}}